{"id":28,"date":"2025-02-23T13:57:50","date_gmt":"2025-02-23T13:57:50","guid":{"rendered":"https:\/\/huss.com.pl\/?page_id=28"},"modified":"2025-03-16T18:21:29","modified_gmt":"2025-03-16T18:21:29","slug":"huss-gates","status":"publish","type":"page","link":"https:\/\/huss.com.pl\/index.php\/huss-gates\/","title":{"rendered":"Huss GATES"},"content":{"rendered":"\t\t<div data-elementor-type=\"wp-page\" data-elementor-id=\"28\" class=\"elementor elementor-28\">\n\t\t\t\t<div class=\"elementor-element elementor-element-47914fc e-flex e-con-boxed e-con e-parent\" data-id=\"47914fc\" data-element_type=\"container\" data-e-type=\"container\">\n\t\t\t\t\t<div class=\"e-con-inner\">\n\t\t<div class=\"elementor-element elementor-element-8b11821 e-con-full e-flex e-con e-child\" data-id=\"8b11821\" data-element_type=\"container\" data-e-type=\"container\">\n\t\t\t\t<div class=\"elementor-element elementor-element-a39a96f elementor-widget elementor-widget-image\" data-id=\"a39a96f\" data-element_type=\"widget\" data-e-type=\"widget\" data-widget_type=\"image.default\">\n\t\t\t\t<div class=\"elementor-widget-container\">\n\t\t\t\t\t\t\t\t\t\t\t\t\t\t\t<img fetchpriority=\"high\" decoding=\"async\" width=\"790\" height=\"790\" src=\"https:\/\/huss.com.pl\/wp-content\/uploads\/2025\/02\/7-2-1024x1024.jpg\" class=\"attachment-large size-large wp-image-282\" alt=\"\" srcset=\"https:\/\/huss.com.pl\/wp-content\/uploads\/2025\/02\/7-2-1024x1024.jpg 1024w, https:\/\/huss.com.pl\/wp-content\/uploads\/2025\/02\/7-2-300x300.jpg 300w, https:\/\/huss.com.pl\/wp-content\/uploads\/2025\/02\/7-2-150x150.jpg 150w, https:\/\/huss.com.pl\/wp-content\/uploads\/2025\/02\/7-2-768x768.jpg 768w, https:\/\/huss.com.pl\/wp-content\/uploads\/2025\/02\/7-2.jpg 1200w\" sizes=\"(max-width: 790px) 100vw, 790px\" \/>\t\t\t\t\t\t\t\t\t\t\t\t\t\t\t<\/div>\n\t\t\t\t<\/div>\n\t\t\t\t<\/div>\n\t\t<div class=\"elementor-element elementor-element-848ddc9 e-con-full e-flex e-con e-child\" data-id=\"848ddc9\" data-element_type=\"container\" data-e-type=\"container\">\n\t\t\t\t<div class=\"elementor-element elementor-element-c897a3c elementor-widget elementor-widget-text-editor\" data-id=\"c897a3c\" data-element_type=\"widget\" data-e-type=\"widget\" data-widget_type=\"text-editor.default\">\n\t\t\t\t<div class=\"elementor-widget-container\">\n\t\t\t\t\t\t\t\t\t<h3 data-start=\"0\" data-end=\"64\"><strong data-start=\"4\" data-end=\"62\">HUSS GATES \u2013 Najnowocze\u015bniejszy System Bram Gara\u017cowych<\/strong><\/h3><h4 data-start=\"66\" data-end=\"131\"><strong data-start=\"71\" data-end=\"129\">HUSS GATES \u2013 Innowacyjno\u015b\u0107, Bezpiecze\u0144stwo i Perfekcja<\/strong><\/h4><p data-start=\"132\" data-end=\"642\"><strong data-start=\"132\" data-end=\"146\">HUSS GATES<\/strong> to <strong data-start=\"150\" data-end=\"195\">najwy\u017cszej jako\u015bci system bram gara\u017cowych<\/strong>, \u0142\u0105cz\u0105cy <strong data-start=\"205\" data-end=\"272\">zaawansowane technologie, niezawodne nap\u0119dy i nowoczesny design<\/strong>. Oferujemy <strong data-start=\"284\" data-end=\"311\">kompleksowe rozwi\u0105zania<\/strong> dla klient\u00f3w, kt\u00f3rzy oczekuj\u0105 <strong data-start=\"342\" data-end=\"380\">trwa\u0142o\u015bci, bezpiecze\u0144stwa i wygody<\/strong> u\u017cytkowania. Nasze bramy s\u0105 dostosowane do potrzeb zar\u00f3wno budownictwa jednorodzinnego, jak i przemys\u0142owego, a dzi\u0119ki zastosowaniu nowoczesnych materia\u0142\u00f3w zapewniaj\u0105 <strong data-start=\"547\" data-end=\"639\">doskona\u0142\u0105 izolacj\u0119 termiczn\u0105, cich\u0105 prac\u0119 oraz wysok\u0105 odporno\u015b\u0107 na warunki atmosferyczne<\/strong>.<\/p>\t\t\t\t\t\t\t\t<\/div>\n\t\t\t\t<\/div>\n\t\t\t\t<\/div>\n\t\t\t\t\t<\/div>\n\t\t\t\t<\/div>\n\t\t<div class=\"elementor-element elementor-element-bca84f8 e-flex e-con-boxed e-con e-parent\" data-id=\"bca84f8\" data-element_type=\"container\" data-e-type=\"container\">\n\t\t\t\t\t<div class=\"e-con-inner\">\n\t\t\t\t\t<\/div>\n\t\t\t\t<\/div>\n\t\t<div class=\"elementor-element elementor-element-f1cab7f e-flex e-con-boxed e-con e-parent\" data-id=\"f1cab7f\" data-element_type=\"container\" data-e-type=\"container\">\n\t\t\t\t\t<div class=\"e-con-inner\">\n\t\t<div class=\"elementor-element elementor-element-a45617c e-con-full e-flex e-con e-child\" data-id=\"a45617c\" data-element_type=\"container\" data-e-type=\"container\">\n\t\t\t\t<div class=\"elementor-element elementor-element-85d4a81 elementor-arrows-position-inside elementor-pagination-position-outside elementor-widget elementor-widget-image-carousel\" data-id=\"85d4a81\" data-element_type=\"widget\" data-e-type=\"widget\" data-settings=\"{&quot;slides_to_show&quot;:&quot;1&quot;,&quot;navigation&quot;:&quot;both&quot;,&quot;autoplay&quot;:&quot;yes&quot;,&quot;pause_on_hover&quot;:&quot;yes&quot;,&quot;pause_on_interaction&quot;:&quot;yes&quot;,&quot;autoplay_speed&quot;:5000,&quot;infinite&quot;:&quot;yes&quot;,&quot;effect&quot;:&quot;slide&quot;,&quot;speed&quot;:500}\" data-widget_type=\"image-carousel.default\">\n\t\t\t\t<div class=\"elementor-widget-container\">\n\t\t\t\t\t\t\t<div class=\"elementor-image-carousel-wrapper swiper\" role=\"region\" aria-roledescription=\"carousel\" aria-label=\"Karuzela obrazk\u00f3w\" dir=\"ltr\">\n\t\t\t<div class=\"elementor-image-carousel swiper-wrapper\" aria-live=\"off\">\n\t\t\t\t\t\t\t\t<div class=\"swiper-slide\" role=\"group\" aria-roledescription=\"slide\" aria-label=\"1 of 3\"><figure class=\"swiper-slide-inner\"><img decoding=\"async\" class=\"swiper-slide-image\" src=\"https:\/\/huss.com.pl\/wp-content\/uploads\/2025\/03\/28-300x300.jpg\" alt=\"28\" \/><\/figure><\/div><div class=\"swiper-slide\" role=\"group\" aria-roledescription=\"slide\" aria-label=\"2 of 3\"><figure class=\"swiper-slide-inner\"><img decoding=\"async\" class=\"swiper-slide-image\" src=\"https:\/\/huss.com.pl\/wp-content\/uploads\/2025\/03\/27-300x300.jpg\" alt=\"27\" \/><\/figure><\/div><div class=\"swiper-slide\" role=\"group\" aria-roledescription=\"slide\" aria-label=\"3 of 3\"><figure class=\"swiper-slide-inner\"><img decoding=\"async\" class=\"swiper-slide-image\" src=\"https:\/\/huss.com.pl\/wp-content\/uploads\/2025\/03\/26-300x300.jpg\" alt=\"HUSS gate\" \/><\/figure><\/div>\t\t\t<\/div>\n\t\t\t\t\t\t\t\t\t\t\t\t<div class=\"elementor-swiper-button elementor-swiper-button-prev\" role=\"button\" tabindex=\"0\">\n\t\t\t\t\t\t<svg aria-hidden=\"true\" class=\"e-font-icon-svg e-eicon-chevron-left\" viewBox=\"0 0 1000 1000\" xmlns=\"http:\/\/www.w3.org\/2000\/svg\"><path d=\"M646 125C629 125 613 133 604 142L308 442C296 454 292 471 292 487 292 504 296 521 308 533L604 854C617 867 629 875 646 875 663 875 679 871 692 858 704 846 713 829 713 812 713 796 708 779 692 767L438 487 692 225C700 217 708 204 708 187 708 171 704 154 692 142 675 129 663 125 646 125Z\"><\/path><\/svg>\t\t\t\t\t<\/div>\n\t\t\t\t\t<div class=\"elementor-swiper-button elementor-swiper-button-next\" role=\"button\" tabindex=\"0\">\n\t\t\t\t\t\t<svg aria-hidden=\"true\" class=\"e-font-icon-svg e-eicon-chevron-right\" viewBox=\"0 0 1000 1000\" xmlns=\"http:\/\/www.w3.org\/2000\/svg\"><path d=\"M696 533C708 521 713 504 713 487 713 471 708 454 696 446L400 146C388 133 375 125 354 125 338 125 325 129 313 142 300 154 292 171 292 187 292 204 296 221 308 233L563 492 304 771C292 783 288 800 288 817 288 833 296 850 308 863 321 871 338 875 354 875 371 875 388 867 400 854L696 533Z\"><\/path><\/svg>\t\t\t\t\t<\/div>\n\t\t\t\t\n\t\t\t\t\t\t\t\t\t<div class=\"swiper-pagination\"><\/div>\n\t\t\t\t\t\t\t\t\t<\/div>\n\t\t\t\t\t\t<\/div>\n\t\t\t\t<\/div>\n\t\t\t\t<\/div>\n\t\t<div class=\"elementor-element elementor-element-bfbca89 e-con-full e-flex e-con e-child\" data-id=\"bfbca89\" data-element_type=\"container\" data-e-type=\"container\">\n\t\t\t\t<div class=\"elementor-element elementor-element-228cced elementor-widget elementor-widget-text-editor\" data-id=\"228cced\" data-element_type=\"widget\" data-e-type=\"widget\" data-widget_type=\"text-editor.default\">\n\t\t\t\t<div class=\"elementor-widget-container\">\n\t\t\t\t\t\t\t\t\t<h3 data-start=\"694\" data-end=\"775\"><strong data-start=\"698\" data-end=\"721\">Bramy Segmentowe<\/strong> \u2013 Najlepszy wyb\u00f3r dla dom\u00f3w i obiekt\u00f3w komercyjnych<\/h3><ul data-start=\"776\" data-end=\"1185\"><li data-start=\"776\" data-end=\"914\">Wykonane z paneli <strong data-start=\"796\" data-end=\"819\">o grubo\u015bci 40\u201360 mm<\/strong> wype\u0142nionych <strong data-start=\"833\" data-end=\"857\">piank\u0105 poliuretanow\u0105<\/strong>, zapewniaj\u0105 doskona\u0142\u0105 izolacj\u0119 termiczn\u0105 i akustyczn\u0105,<\/li><li data-start=\"915\" data-end=\"986\">Wyposa\u017cone w <strong data-start=\"930\" data-end=\"952\">uszczelki obwodowe<\/strong>, kt\u00f3re eliminuj\u0105 straty ciep\u0142a,<\/li><li data-start=\"987\" data-end=\"1081\">Prowadnice wykonane z <strong data-start=\"1011\" data-end=\"1032\">ocynkowanej stali<\/strong>, zapewniaj\u0105ce trwa\u0142o\u015b\u0107 i odporno\u015b\u0107 na korozj\u0119,<\/li><li data-start=\"1082\" data-end=\"1185\">Mo\u017cliwo\u015b\u0107 personalizacji wygl\u0105du: szeroka gama kolor\u00f3w RAL, oklein drewnopodobnych oraz przeszkle\u0144.<\/li><\/ul>\t\t\t\t\t\t\t\t<\/div>\n\t\t\t\t<\/div>\n\t\t\t\t<\/div>\n\t\t\t\t\t<\/div>\n\t\t\t\t<\/div>\n\t\t<div class=\"elementor-element elementor-element-54b003f e-flex e-con-boxed e-con e-parent\" data-id=\"54b003f\" data-element_type=\"container\" data-e-type=\"container\">\n\t\t\t\t\t<div class=\"e-con-inner\">\n\t\t<div class=\"elementor-element elementor-element-59e954a e-con-full e-flex e-con e-child\" data-id=\"59e954a\" data-element_type=\"container\" data-e-type=\"container\">\n\t\t\t\t<div class=\"elementor-element elementor-element-6de9b73 elementor-arrows-position-inside elementor-pagination-position-outside elementor-widget elementor-widget-image-carousel\" data-id=\"6de9b73\" data-element_type=\"widget\" data-e-type=\"widget\" data-settings=\"{&quot;slides_to_show&quot;:&quot;1&quot;,&quot;navigation&quot;:&quot;both&quot;,&quot;autoplay&quot;:&quot;yes&quot;,&quot;pause_on_hover&quot;:&quot;yes&quot;,&quot;pause_on_interaction&quot;:&quot;yes&quot;,&quot;autoplay_speed&quot;:5000,&quot;infinite&quot;:&quot;yes&quot;,&quot;effect&quot;:&quot;slide&quot;,&quot;speed&quot;:500}\" data-widget_type=\"image-carousel.default\">\n\t\t\t\t<div class=\"elementor-widget-container\">\n\t\t\t\t\t\t\t<div class=\"elementor-image-carousel-wrapper swiper\" role=\"region\" aria-roledescription=\"carousel\" aria-label=\"Karuzela obrazk\u00f3w\" dir=\"ltr\">\n\t\t\t<div class=\"elementor-image-carousel swiper-wrapper\" aria-live=\"off\">\n\t\t\t\t\t\t\t\t<div class=\"swiper-slide\" role=\"group\" aria-roledescription=\"slide\" aria-label=\"1 of 2\"><figure class=\"swiper-slide-inner\"><img decoding=\"async\" class=\"swiper-slide-image\" src=\"https:\/\/huss.com.pl\/wp-content\/uploads\/2025\/03\/29-300x300.jpg\" alt=\"29\" \/><\/figure><\/div><div class=\"swiper-slide\" role=\"group\" aria-roledescription=\"slide\" aria-label=\"2 of 2\"><figure class=\"swiper-slide-inner\"><img decoding=\"async\" class=\"swiper-slide-image\" src=\"https:\/\/huss.com.pl\/wp-content\/uploads\/2025\/02\/48-1-300x300.jpg\" alt=\"48\" \/><\/figure><\/div>\t\t\t<\/div>\n\t\t\t\t\t\t\t\t\t\t\t\t<div class=\"elementor-swiper-button elementor-swiper-button-prev\" role=\"button\" tabindex=\"0\">\n\t\t\t\t\t\t<svg aria-hidden=\"true\" class=\"e-font-icon-svg e-eicon-chevron-left\" viewBox=\"0 0 1000 1000\" xmlns=\"http:\/\/www.w3.org\/2000\/svg\"><path d=\"M646 125C629 125 613 133 604 142L308 442C296 454 292 471 292 487 292 504 296 521 308 533L604 854C617 867 629 875 646 875 663 875 679 871 692 858 704 846 713 829 713 812 713 796 708 779 692 767L438 487 692 225C700 217 708 204 708 187 708 171 704 154 692 142 675 129 663 125 646 125Z\"><\/path><\/svg>\t\t\t\t\t<\/div>\n\t\t\t\t\t<div class=\"elementor-swiper-button elementor-swiper-button-next\" role=\"button\" tabindex=\"0\">\n\t\t\t\t\t\t<svg aria-hidden=\"true\" class=\"e-font-icon-svg e-eicon-chevron-right\" viewBox=\"0 0 1000 1000\" xmlns=\"http:\/\/www.w3.org\/2000\/svg\"><path d=\"M696 533C708 521 713 504 713 487 713 471 708 454 696 446L400 146C388 133 375 125 354 125 338 125 325 129 313 142 300 154 292 171 292 187 292 204 296 221 308 233L563 492 304 771C292 783 288 800 288 817 288 833 296 850 308 863 321 871 338 875 354 875 371 875 388 867 400 854L696 533Z\"><\/path><\/svg>\t\t\t\t\t<\/div>\n\t\t\t\t\n\t\t\t\t\t\t\t\t\t<div class=\"swiper-pagination\"><\/div>\n\t\t\t\t\t\t\t\t\t<\/div>\n\t\t\t\t\t\t<\/div>\n\t\t\t\t<\/div>\n\t\t\t\t<\/div>\n\t\t<div class=\"elementor-element elementor-element-7a6fa6c e-con-full e-flex e-con e-child\" data-id=\"7a6fa6c\" data-element_type=\"container\" data-e-type=\"container\">\n\t\t\t\t<div class=\"elementor-element elementor-element-77fa68e elementor-widget elementor-widget-text-editor\" data-id=\"77fa68e\" data-element_type=\"widget\" data-e-type=\"widget\" data-widget_type=\"text-editor.default\">\n\t\t\t\t<div class=\"elementor-widget-container\">\n\t\t\t\t\t\t\t\t\t<h3 data-start=\"1187\" data-end=\"1254\"><strong data-start=\"1191\" data-end=\"1212\">Bramy Roletowe<\/strong>\u00a0\u2013 Kompaktowe i oszcz\u0119dzaj\u0105ce przestrze\u0144<\/h3><ul data-start=\"1255\" data-end=\"1568\"><li data-start=\"1255\" data-end=\"1306\">Doskona\u0142e do gara\u017cy o ograniczonej przestrzeni,<\/li><li data-start=\"1307\" data-end=\"1390\">Pancerz wykonany z <strong data-start=\"1328\" data-end=\"1351\">aluminium lub stali<\/strong>, odporny na uszkodzenia mechaniczne,<\/li><li data-start=\"1391\" data-end=\"1482\">Wyposa\u017cone w <strong data-start=\"1406\" data-end=\"1431\">cichobie\u017cny mechanizm<\/strong> oraz <strong data-start=\"1437\" data-end=\"1479\">systemy zabezpiecze\u0144 przed opadni\u0119ciem<\/strong>,<\/li><li data-start=\"1483\" data-end=\"1568\">Mo\u017cliwo\u015b\u0107 zastosowania <strong data-start=\"1508\" data-end=\"1565\">automatyki sterowanej z pilota lub aplikacji mobilnej<\/strong>.<\/li><\/ul>\t\t\t\t\t\t\t\t<\/div>\n\t\t\t\t<\/div>\n\t\t\t\t<\/div>\n\t\t\t\t\t<\/div>\n\t\t\t\t<\/div>\n\t\t<div class=\"elementor-element elementor-element-c6443f0 e-flex e-con-boxed e-con e-parent\" data-id=\"c6443f0\" data-element_type=\"container\" data-e-type=\"container\">\n\t\t\t\t\t<div class=\"e-con-inner\">\n\t\t<div class=\"elementor-element elementor-element-93efbfe e-con-full e-flex e-con e-child\" data-id=\"93efbfe\" data-element_type=\"container\" data-e-type=\"container\">\n\t\t\t\t<div class=\"elementor-element elementor-element-45a5e85 elementor-arrows-position-inside elementor-pagination-position-outside elementor-widget elementor-widget-image-carousel\" data-id=\"45a5e85\" data-element_type=\"widget\" data-e-type=\"widget\" data-settings=\"{&quot;slides_to_show&quot;:&quot;1&quot;,&quot;navigation&quot;:&quot;both&quot;,&quot;autoplay&quot;:&quot;yes&quot;,&quot;pause_on_hover&quot;:&quot;yes&quot;,&quot;pause_on_interaction&quot;:&quot;yes&quot;,&quot;autoplay_speed&quot;:5000,&quot;infinite&quot;:&quot;yes&quot;,&quot;effect&quot;:&quot;slide&quot;,&quot;speed&quot;:500}\" data-widget_type=\"image-carousel.default\">\n\t\t\t\t<div class=\"elementor-widget-container\">\n\t\t\t\t\t\t\t<div class=\"elementor-image-carousel-wrapper swiper\" role=\"region\" aria-roledescription=\"carousel\" aria-label=\"Karuzela obrazk\u00f3w\" dir=\"ltr\">\n\t\t\t<div class=\"elementor-image-carousel swiper-wrapper\" aria-live=\"off\">\n\t\t\t\t\t\t\t\t<div class=\"swiper-slide\" role=\"group\" aria-roledescription=\"slide\" aria-label=\"1 of 9\"><figure class=\"swiper-slide-inner\"><img decoding=\"async\" class=\"swiper-slide-image\" src=\"https:\/\/huss.com.pl\/wp-content\/uploads\/2025\/03\/Ditec-sector-plus-C-300x293.jpg\" alt=\"Ditec-sector-plus-C\" \/><\/figure><\/div><div class=\"swiper-slide\" role=\"group\" aria-roledescription=\"slide\" aria-label=\"2 of 9\"><figure class=\"swiper-slide-inner\"><img decoding=\"async\" class=\"swiper-slide-image\" src=\"https:\/\/huss.com.pl\/wp-content\/uploads\/2025\/03\/ditec-traffic-3d-render-300x199.jpg\" alt=\"ditec-traffic-3d-render\" \/><\/figure><\/div><div class=\"swiper-slide\" role=\"group\" aria-roledescription=\"slide\" aria-label=\"3 of 9\"><figure class=\"swiper-slide-inner\"><img decoding=\"async\" class=\"swiper-slide-image\" src=\"https:\/\/huss.com.pl\/wp-content\/uploads\/2025\/03\/ditec-traffic-close-up-300x200.jpg\" alt=\"ditec-traffic-close-up\" \/><\/figure><\/div><div class=\"swiper-slide\" role=\"group\" aria-roledescription=\"slide\" aria-label=\"4 of 9\"><figure class=\"swiper-slide-inner\"><img decoding=\"async\" class=\"swiper-slide-image\" src=\"https:\/\/huss.com.pl\/wp-content\/uploads\/2025\/03\/ditec-traffic-doors-in-garage-300x200.jpg\" alt=\"ditec-traffic-doors-in-garage\" \/><\/figure><\/div><div class=\"swiper-slide\" role=\"group\" aria-roledescription=\"slide\" aria-label=\"5 of 9\"><figure class=\"swiper-slide-inner\"><img decoding=\"async\" class=\"swiper-slide-image\" src=\"https:\/\/huss.com.pl\/wp-content\/uploads\/2025\/03\/ditec-traffic-outdoor-view-300x200.jpg\" alt=\"ditec-traffic-outdoor-view\" \/><\/figure><\/div><div class=\"swiper-slide\" role=\"group\" aria-roledescription=\"slide\" aria-label=\"6 of 9\"><figure class=\"swiper-slide-inner\"><img decoding=\"async\" class=\"swiper-slide-image\" src=\"https:\/\/huss.com.pl\/wp-content\/uploads\/2025\/03\/ditec-traffic-outdoor-300x200.jpg\" alt=\"ditec-traffic-outdoor\" \/><\/figure><\/div><div class=\"swiper-slide\" role=\"group\" aria-roledescription=\"slide\" aria-label=\"7 of 9\"><figure class=\"swiper-slide-inner\"><img decoding=\"async\" class=\"swiper-slide-image\" src=\"https:\/\/huss.com.pl\/wp-content\/uploads\/2025\/03\/ditec-traffic-render1-300x200.jpg\" alt=\"ditec-traffic-render1\" \/><\/figure><\/div><div class=\"swiper-slide\" role=\"group\" aria-roledescription=\"slide\" aria-label=\"8 of 9\"><figure class=\"swiper-slide-inner\"><img decoding=\"async\" class=\"swiper-slide-image\" src=\"https:\/\/huss.com.pl\/wp-content\/uploads\/2025\/03\/Installazione-tipo-Ditec-Dod-300x150.jpg\" alt=\"Installazione tipo Ditec Dod\" \/><\/figure><\/div><div class=\"swiper-slide\" role=\"group\" aria-roledescription=\"slide\" aria-label=\"9 of 9\"><figure class=\"swiper-slide-inner\"><img decoding=\"async\" class=\"swiper-slide-image\" src=\"https:\/\/huss.com.pl\/wp-content\/uploads\/2025\/03\/img_DITEC_SECTOR_RESET-500x500.jpg-300x300.webp\" alt=\"img_DITEC_SECTOR_RESET-500x500.jpg\" \/><\/figure><\/div>\t\t\t<\/div>\n\t\t\t\t\t\t\t\t\t\t\t\t<div class=\"elementor-swiper-button elementor-swiper-button-prev\" role=\"button\" tabindex=\"0\">\n\t\t\t\t\t\t<svg aria-hidden=\"true\" class=\"e-font-icon-svg e-eicon-chevron-left\" viewBox=\"0 0 1000 1000\" xmlns=\"http:\/\/www.w3.org\/2000\/svg\"><path d=\"M646 125C629 125 613 133 604 142L308 442C296 454 292 471 292 487 292 504 296 521 308 533L604 854C617 867 629 875 646 875 663 875 679 871 692 858 704 846 713 829 713 812 713 796 708 779 692 767L438 487 692 225C700 217 708 204 708 187 708 171 704 154 692 142 675 129 663 125 646 125Z\"><\/path><\/svg>\t\t\t\t\t<\/div>\n\t\t\t\t\t<div class=\"elementor-swiper-button elementor-swiper-button-next\" role=\"button\" tabindex=\"0\">\n\t\t\t\t\t\t<svg aria-hidden=\"true\" class=\"e-font-icon-svg e-eicon-chevron-right\" viewBox=\"0 0 1000 1000\" xmlns=\"http:\/\/www.w3.org\/2000\/svg\"><path d=\"M696 533C708 521 713 504 713 487 713 471 708 454 696 446L400 146C388 133 375 125 354 125 338 125 325 129 313 142 300 154 292 171 292 187 292 204 296 221 308 233L563 492 304 771C292 783 288 800 288 817 288 833 296 850 308 863 321 871 338 875 354 875 371 875 388 867 400 854L696 533Z\"><\/path><\/svg>\t\t\t\t\t<\/div>\n\t\t\t\t\n\t\t\t\t\t\t\t\t\t<div class=\"swiper-pagination\"><\/div>\n\t\t\t\t\t\t\t\t\t<\/div>\n\t\t\t\t\t\t<\/div>\n\t\t\t\t<\/div>\n\t\t\t\t<\/div>\n\t\t<div class=\"elementor-element elementor-element-d1d19ac e-con-full e-flex e-con e-child\" data-id=\"d1d19ac\" data-element_type=\"container\" data-e-type=\"container\">\n\t\t\t\t<div class=\"elementor-element elementor-element-61b6347 elementor-widget elementor-widget-text-editor\" data-id=\"61b6347\" data-element_type=\"widget\" data-e-type=\"widget\" data-widget_type=\"text-editor.default\">\n\t\t\t\t<div class=\"elementor-widget-container\">\n\t\t\t\t\t\t\t\t\t<h3 data-start=\"1907\" data-end=\"1983\"><strong data-start=\"1911\" data-end=\"1935\">Bramy Przemys\u0142owe<\/strong> \u2013 Dla hal, magazyn\u00f3w i obiekt\u00f3w produkcyjnych<\/h3><ul data-start=\"1984\" data-end=\"2249\"><li data-start=\"1984\" data-end=\"2040\">Konstrukcja dostosowana do intensywnej eksploatacji,<\/li><li data-start=\"2041\" data-end=\"2098\">Mo\u017cliwo\u015b\u0107 zastosowania <strong data-start=\"2066\" data-end=\"2095\">przeszkle\u0144 panoramicznych<\/strong>,<\/li><li data-start=\"2099\" data-end=\"2177\">Odporno\u015b\u0107 na dzia\u0142anie czynnik\u00f3w atmosferycznych i obci\u0105\u017ce\u0144 mechanicznych,<\/li><li data-start=\"2178\" data-end=\"2249\">Zastosowanie <strong data-start=\"2193\" data-end=\"2246\">zaawansowanych system\u00f3w sterowania i zabezpiecze\u0144<\/strong>.<\/li><\/ul>\t\t\t\t\t\t\t\t<\/div>\n\t\t\t\t<\/div>\n\t\t\t\t<\/div>\n\t\t\t\t\t<\/div>\n\t\t\t\t<\/div>\n\t\t\t\t<\/div>\n\t\t","protected":false},"excerpt":{"rendered":"<p>HUSS GATES \u2013 Najnowocze\u015bniejszy System Bram Gara\u017cowych HUSS GATES \u2013 Innowacyjno\u015b\u0107, Bezpiecze\u0144stwo i Perfekcja HUSS GATES to najwy\u017cszej jako\u015bci system bram gara\u017cowych, \u0142\u0105cz\u0105cy zaawansowane technologie, niezawodne nap\u0119dy i nowoczesny design. Oferujemy kompleksowe rozwi\u0105zania dla klient\u00f3w, kt\u00f3rzy oczekuj\u0105 trwa\u0142o\u015bci, bezpiecze\u0144stwa i wygody u\u017cytkowania. Nasze bramy s\u0105 dostosowane do potrzeb zar\u00f3wno budownictwa&#8230;<\/p>\n","protected":false},"author":1,"featured_media":0,"parent":0,"menu_order":0,"comment_status":"closed","ping_status":"closed","template":"","meta":{"footnotes":""},"class_list":["post-28","page","type-page","status-publish","hentry"],"_links":{"self":[{"href":"https:\/\/huss.com.pl\/index.php\/wp-json\/wp\/v2\/pages\/28","targetHints":{"allow":["GET"]}}],"collection":[{"href":"https:\/\/huss.com.pl\/index.php\/wp-json\/wp\/v2\/pages"}],"about":[{"href":"https:\/\/huss.com.pl\/index.php\/wp-json\/wp\/v2\/types\/page"}],"author":[{"embeddable":true,"href":"https:\/\/huss.com.pl\/index.php\/wp-json\/wp\/v2\/users\/1"}],"replies":[{"embeddable":true,"href":"https:\/\/huss.com.pl\/index.php\/wp-json\/wp\/v2\/comments?post=28"}],"version-history":[{"count":7,"href":"https:\/\/huss.com.pl\/index.php\/wp-json\/wp\/v2\/pages\/28\/revisions"}],"predecessor-version":[{"id":505,"href":"https:\/\/huss.com.pl\/index.php\/wp-json\/wp\/v2\/pages\/28\/revisions\/505"}],"wp:attachment":[{"href":"https:\/\/huss.com.pl\/index.php\/wp-json\/wp\/v2\/media?parent=28"}],"curies":[{"name":"wp","href":"https:\/\/api.w.org\/{rel}","templated":true}]}}