{"id":388,"date":"2025-02-23T21:02:42","date_gmt":"2025-02-23T21:02:42","guid":{"rendered":"https:\/\/huss.com.pl\/?page_id=388"},"modified":"2025-09-27T19:37:52","modified_gmt":"2025-09-27T19:37:52","slug":"kontakt","status":"publish","type":"page","link":"https:\/\/huss.com.pl\/index.php\/kontakt\/","title":{"rendered":"KONTAKT"},"content":{"rendered":"\t\t<div data-elementor-type=\"wp-page\" data-elementor-id=\"388\" class=\"elementor elementor-388\">\n\t\t\t\t<div class=\"elementor-element elementor-element-a20e101 e-flex e-con-boxed e-con e-parent\" data-id=\"a20e101\" data-element_type=\"container\" data-e-type=\"container\">\n\t\t\t\t\t<div class=\"e-con-inner\">\n\t\t<div class=\"elementor-element elementor-element-df1585f e-con-full e-flex e-con e-child\" data-id=\"df1585f\" data-element_type=\"container\" data-e-type=\"container\">\n\t\t\t\t<div class=\"elementor-element elementor-element-5aa29bc elementor-widget elementor-widget-image\" data-id=\"5aa29bc\" data-element_type=\"widget\" data-e-type=\"widget\" data-widget_type=\"image.default\">\n\t\t\t\t<div class=\"elementor-widget-container\">\n\t\t\t\t\t\t\t\t\t\t\t\t\t\t\t<img fetchpriority=\"high\" decoding=\"async\" width=\"790\" height=\"790\" src=\"https:\/\/huss.com.pl\/wp-content\/uploads\/2025\/02\/16-1024x1024.jpg\" class=\"attachment-large size-large wp-image-70\" alt=\"Huss kontakt\" srcset=\"https:\/\/huss.com.pl\/wp-content\/uploads\/2025\/02\/16-1024x1024.jpg 1024w, https:\/\/huss.com.pl\/wp-content\/uploads\/2025\/02\/16-300x300.jpg 300w, https:\/\/huss.com.pl\/wp-content\/uploads\/2025\/02\/16-150x150.jpg 150w, https:\/\/huss.com.pl\/wp-content\/uploads\/2025\/02\/16-768x768.jpg 768w, https:\/\/huss.com.pl\/wp-content\/uploads\/2025\/02\/16.jpg 1200w\" sizes=\"(max-width: 790px) 100vw, 790px\" \/>\t\t\t\t\t\t\t\t\t\t\t\t\t\t\t<\/div>\n\t\t\t\t<\/div>\n\t\t\t\t<\/div>\n\t\t<div class=\"elementor-element elementor-element-2fe44a1 e-con-full e-flex e-con e-child\" data-id=\"2fe44a1\" data-element_type=\"container\" data-e-type=\"container\">\n\t\t\t\t<div class=\"elementor-element elementor-element-704d2b5 elementor-widget elementor-widget-text-editor\" data-id=\"704d2b5\" data-element_type=\"widget\" data-e-type=\"widget\" data-widget_type=\"text-editor.default\">\n\t\t\t\t<div class=\"elementor-widget-container\">\n\t\t\t\t\t\t\t\t\t<p data-start=\"0\" data-end=\"339\">Chcesz dowiedzie\u0107 si\u0119 wi\u0119cej o innowacyjnych rozwi\u0105zaniach HUSS i jak nasze systemy mog\u0105 zrewolucjonizowa\u0107 Twoje projekty? Jeste\u015bmy tutaj, aby pom\u00f3c! Niezale\u017cnie od tego, czy interesuj\u0105 Ci\u0119 nasze technologie budowlane, systemy automatyki czy nowoczesne rozwi\u0105zania energetyczne, nasi eksperci ch\u0119tnie odpowiedz\u0105 na wszystkie Twoje pytania.<\/p><p data-start=\"341\" data-end=\"531\">Skontaktuj si\u0119 z nami ju\u017c teraz! Wype\u0142nij formularz lub skorzystaj z podanych danych kontaktowych, aby uzyska\u0107 wi\u0119cej informacji lub um\u00f3wi\u0107 si\u0119 na spotkanie. Razem stworzymy co\u015b wyj\u0105tkowego!<\/p><p data-start=\"533\" data-end=\"557\" data-is-last-node=\"\">Czekamy na Tw\u00f3j kontakt!<\/p>\t\t\t\t\t\t\t\t<\/div>\n\t\t\t\t<\/div>\n\t\t\t\t<\/div>\n\t\t\t\t\t<\/div>\n\t\t\t\t<\/div>\n\t\t<div class=\"elementor-element elementor-element-e686ab5 e-flex e-con-boxed e-con e-parent\" data-id=\"e686ab5\" data-element_type=\"container\" data-e-type=\"container\">\n\t\t\t\t\t<div class=\"e-con-inner\">\n\t\t\t\t<div class=\"elementor-element elementor-element-30e37ba elementor-widget elementor-widget-shortcode\" data-id=\"30e37ba\" data-element_type=\"widget\" data-e-type=\"widget\" data-widget_type=\"shortcode.default\">\n\t\t\t\t<div class=\"elementor-widget-container\">\n\t\t\t\t\t\t\t<div class=\"elementor-shortcode\"><style id=\"wpforms-css-vars-390\">\n\t\t\t\t#wpforms-390 {\n\t\t\t\t\n\t\t\t}\n\t\t\t<\/style><div class=\"wpforms-container wpforms-container-full wpforms-render-modern\" id=\"wpforms-390\"><form id=\"wpforms-form-390\" class=\"wpforms-validate wpforms-form wpforms-ajax-form\" data-formid=\"390\" method=\"post\" enctype=\"multipart\/form-data\" action=\"\/index.php\/wp-json\/wp\/v2\/pages\/388\" data-token=\"db41c6f26e0c5cb1b469423b6b69ccbc\" data-token-time=\"1775858140\"><noscript class=\"wpforms-error-noscript\">Please enable JavaScript in your browser to complete this form.<\/noscript><div id=\"wpforms-error-noscript\" style=\"display: none;\">Please enable JavaScript in your browser to complete this form.<\/div><div class=\"wpforms-field-container\"><div id=\"wpforms-390-field_1-container\" class=\"wpforms-field wpforms-field-name\" data-field-id=\"1\"><fieldset><legend class=\"wpforms-field-label\">Imi\u0119 i nazwisko <span class=\"wpforms-required-label\" aria-hidden=\"true\">*<\/span><\/legend><div class=\"wpforms-field-row wpforms-field-medium\"><div class=\"wpforms-field-row-block wpforms-first wpforms-one-half\"><input type=\"text\" id=\"wpforms-390-field_1\" class=\"wpforms-field-name-first wpforms-field-required\" name=\"wpforms[fields][1][first]\" aria-errormessage=\"wpforms-390-field_1-error\" required><label for=\"wpforms-390-field_1\" class=\"wpforms-field-sublabel after\">First<\/label><\/div><div class=\"wpforms-field-row-block wpforms-one-half\"><input type=\"text\" id=\"wpforms-390-field_1-last\" class=\"wpforms-field-name-last wpforms-field-required\" name=\"wpforms[fields][1][last]\" aria-errormessage=\"wpforms-390-field_1-last-error\" required><label for=\"wpforms-390-field_1-last\" class=\"wpforms-field-sublabel after\">Last<\/label><\/div><\/div><\/fieldset><\/div>\t\t<div id=\"wpforms-390-field_5-container\"\n\t\t\tclass=\"wpforms-field wpforms-field-text\"\n\t\t\tdata-field-type=\"text\"\n\t\t\tdata-field-id=\"5\"\n\t\t\t>\n\t\t\t<label class=\"wpforms-field-label\" for=\"wpforms-390-field_5\" >Imi\u0119 e-mail nazwisko<\/label>\n\t\t\t<input type=\"text\" id=\"wpforms-390-field_5\" class=\"wpforms-field-medium\" name=\"wpforms[fields][5]\" >\n\t\t<\/div>\n\t\t<div id=\"wpforms-390-field_4-container\" class=\"wpforms-field wpforms-field-text\" data-field-id=\"4\"><label class=\"wpforms-field-label\" for=\"wpforms-390-field_4\">Firma<\/label><input type=\"text\" id=\"wpforms-390-field_4\" class=\"wpforms-field-medium\" name=\"wpforms[fields][4]\" aria-errormessage=\"wpforms-390-field_4-error\" ><\/div><div id=\"wpforms-390-field_2-container\" class=\"wpforms-field wpforms-field-email\" data-field-id=\"2\"><label class=\"wpforms-field-label\" for=\"wpforms-390-field_2\">Adres e-mail <span class=\"wpforms-required-label\" aria-hidden=\"true\">*<\/span><\/label><input type=\"email\" id=\"wpforms-390-field_2\" class=\"wpforms-field-medium wpforms-field-required\" name=\"wpforms[fields][2]\" spellcheck=\"false\" aria-errormessage=\"wpforms-390-field_2-error\" required><\/div><div id=\"wpforms-390-field_3-container\" class=\"wpforms-field wpforms-field-textarea\" data-field-id=\"3\"><label class=\"wpforms-field-label\" for=\"wpforms-390-field_3\">Komentarz lub wiadomo\u015b\u0107<\/label><textarea id=\"wpforms-390-field_3\" class=\"wpforms-field-medium\" name=\"wpforms[fields][3]\" aria-errormessage=\"wpforms-390-field_3-error\" ><\/textarea><\/div><script>\n\t\t\t\t( function() {\n\t\t\t\t\tconst style = document.createElement( 'style' );\n\t\t\t\t\tstyle.appendChild( document.createTextNode( '#wpforms-390-field_5-container { position: absolute !important; overflow: hidden !important; display: inline !important; height: 1px !important; width: 1px !important; z-index: -1000 !important; padding: 0 !important; } #wpforms-390-field_5-container input { visibility: hidden; } #wpforms-conversational-form-page #wpforms-390-field_5-container label { counter-increment: none; }' ) );\n\t\t\t\t\tdocument.head.appendChild( style );\n\t\t\t\t\tdocument.currentScript?.remove();\n\t\t\t\t} )();\n\t\t\t<\/script><\/div><!-- .wpforms-field-container --><div class=\"wpforms-submit-container\" ><input type=\"hidden\" name=\"wpforms[id]\" value=\"390\"><input type=\"hidden\" name=\"page_title\" value=\"\"><input type=\"hidden\" name=\"page_url\" value=\"https:\/\/huss.com.pl\/index.php\/wp-json\/wp\/v2\/pages\/388\"><input type=\"hidden\" name=\"url_referer\" value=\"\"><button type=\"submit\" name=\"wpforms[submit]\" id=\"wpforms-submit-390\" class=\"wpforms-submit\" data-alt-text=\"Wysy\u0142anie...\" data-submit-text=\"Prze\u015blij\" aria-live=\"assertive\" value=\"wpforms-submit\">Prze\u015blij<\/button><img decoding=\"async\" src=\"https:\/\/huss.com.pl\/wp-content\/plugins\/wpforms-lite\/assets\/images\/submit-spin.svg\" class=\"wpforms-submit-spinner\" style=\"display: none;\" width=\"26\" height=\"26\" alt=\"Loading\"><\/div><\/form><\/div>  <!-- .wpforms-container -->\t<\/div>\n\t\t\t\t\t\t<\/div>\n\t\t\t\t<\/div>\n\t\t\t\t\t<\/div>\n\t\t\t\t<\/div>\n\t\t<div class=\"elementor-element elementor-element-64158d3 e-flex e-con-boxed e-con e-parent\" data-id=\"64158d3\" data-element_type=\"container\" data-e-type=\"container\">\n\t\t\t\t\t<div class=\"e-con-inner\">\n\t\t<div class=\"elementor-element elementor-element-e8c1264 e-con-full e-flex e-con e-child\" data-id=\"e8c1264\" data-element_type=\"container\" data-e-type=\"container\">\n\t\t\t\t<div class=\"elementor-element elementor-element-ba4d86c elementor-widget elementor-widget-image\" data-id=\"ba4d86c\" data-element_type=\"widget\" data-e-type=\"widget\" data-widget_type=\"image.default\">\n\t\t\t\t<div class=\"elementor-widget-container\">\n\t\t\t\t\t\t\t\t\t\t\t\t\t\t\t<img decoding=\"async\" width=\"300\" height=\"300\" src=\"https:\/\/huss.com.pl\/wp-content\/uploads\/2025\/02\/cropped-2-1-300x300.png\" class=\"attachment-medium size-medium wp-image-9\" alt=\"\" srcset=\"https:\/\/huss.com.pl\/wp-content\/uploads\/2025\/02\/cropped-2-1-300x300.png 300w, https:\/\/huss.com.pl\/wp-content\/uploads\/2025\/02\/cropped-2-1-150x150.png 150w, https:\/\/huss.com.pl\/wp-content\/uploads\/2025\/02\/cropped-2-1-270x270.png 270w, https:\/\/huss.com.pl\/wp-content\/uploads\/2025\/02\/cropped-2-1-192x192.png 192w, https:\/\/huss.com.pl\/wp-content\/uploads\/2025\/02\/cropped-2-1-180x180.png 180w, https:\/\/huss.com.pl\/wp-content\/uploads\/2025\/02\/cropped-2-1-32x32.png 32w, https:\/\/huss.com.pl\/wp-content\/uploads\/2025\/02\/cropped-2-1.png 512w\" sizes=\"(max-width: 300px) 100vw, 300px\" \/>\t\t\t\t\t\t\t\t\t\t\t\t\t\t\t<\/div>\n\t\t\t\t<\/div>\n\t\t\t\t<\/div>\n\t\t<div class=\"elementor-element elementor-element-110f499 e-con-full e-flex e-con e-child\" data-id=\"110f499\" data-element_type=\"container\" data-e-type=\"container\">\n\t\t\t\t<div class=\"elementor-element elementor-element-0b4503c elementor-widget elementor-widget-text-editor\" data-id=\"0b4503c\" data-element_type=\"widget\" data-e-type=\"widget\" data-widget_type=\"text-editor.default\">\n\t\t\t\t<div class=\"elementor-widget-container\">\n\t\t\t\t\t\t\t\t\t<p><strong>HUSS SYSTEM Sp. z .o.o.<\/strong><\/p><p>ul. HO\u017bA 86\/410 <br \/>00-682 WARSZAWA<br \/>POLAND<\/p>\t\t\t\t\t\t\t\t<\/div>\n\t\t\t\t<\/div>\n\t\t\t\t<\/div>\n\t\t<div class=\"elementor-element elementor-element-50f0c44 e-con-full e-flex e-con e-child\" data-id=\"50f0c44\" data-element_type=\"container\" data-e-type=\"container\">\n\t\t\t\t<div class=\"elementor-element elementor-element-5cb73fe elementor-widget elementor-widget-text-editor\" data-id=\"5cb73fe\" data-element_type=\"widget\" data-e-type=\"widget\" data-widget_type=\"text-editor.default\">\n\t\t\t\t<div class=\"elementor-widget-container\">\n\t\t\t\t\t\t\t\t\t<p>Telefon:<\/p><p>+48 606 434 865<\/p><p>\u00a0<\/p>\t\t\t\t\t\t\t\t<\/div>\n\t\t\t\t<\/div>\n\t\t\t\t<\/div>\n\t\t<div class=\"elementor-element elementor-element-066ba4e e-con-full e-flex e-con e-child\" data-id=\"066ba4e\" data-element_type=\"container\" data-e-type=\"container\">\n\t\t\t\t<div class=\"elementor-element elementor-element-354daf9 elementor-widget elementor-widget-text-editor\" data-id=\"354daf9\" data-element_type=\"widget\" data-e-type=\"widget\" data-widget_type=\"text-editor.default\">\n\t\t\t\t<div class=\"elementor-widget-container\">\n\t\t\t\t\t\t\t\t\t<p><a href=\"mailto:kontakt@huss.com.pl\">kontakt@huss.com.pl<\/a><\/p>\t\t\t\t\t\t\t\t<\/div>\n\t\t\t\t<\/div>\n\t\t\t\t<\/div>\n\t\t\t\t\t<\/div>\n\t\t\t\t<\/div>\n\t\t\t\t<\/div>\n\t\t","protected":false},"excerpt":{"rendered":"<p>Chcesz dowiedzie\u0107 si\u0119 wi\u0119cej o innowacyjnych rozwi\u0105zaniach HUSS i jak nasze systemy mog\u0105 zrewolucjonizowa\u0107 Twoje projekty? Jeste\u015bmy tutaj, aby pom\u00f3c! Niezale\u017cnie od tego, czy interesuj\u0105 Ci\u0119 nasze technologie budowlane, systemy automatyki czy nowoczesne rozwi\u0105zania energetyczne, nasi eksperci ch\u0119tnie odpowiedz\u0105 na wszystkie Twoje pytania. Skontaktuj si\u0119 z nami ju\u017c teraz! Wype\u0142nij&#8230;<\/p>\n","protected":false},"author":1,"featured_media":0,"parent":0,"menu_order":0,"comment_status":"closed","ping_status":"closed","template":"","meta":{"footnotes":""},"class_list":["post-388","page","type-page","status-publish","hentry"],"_links":{"self":[{"href":"https:\/\/huss.com.pl\/index.php\/wp-json\/wp\/v2\/pages\/388","targetHints":{"allow":["GET"]}}],"collection":[{"href":"https:\/\/huss.com.pl\/index.php\/wp-json\/wp\/v2\/pages"}],"about":[{"href":"https:\/\/huss.com.pl\/index.php\/wp-json\/wp\/v2\/types\/page"}],"author":[{"embeddable":true,"href":"https:\/\/huss.com.pl\/index.php\/wp-json\/wp\/v2\/users\/1"}],"replies":[{"embeddable":true,"href":"https:\/\/huss.com.pl\/index.php\/wp-json\/wp\/v2\/comments?post=388"}],"version-history":[{"count":13,"href":"https:\/\/huss.com.pl\/index.php\/wp-json\/wp\/v2\/pages\/388\/revisions"}],"predecessor-version":[{"id":569,"href":"https:\/\/huss.com.pl\/index.php\/wp-json\/wp\/v2\/pages\/388\/revisions\/569"}],"wp:attachment":[{"href":"https:\/\/huss.com.pl\/index.php\/wp-json\/wp\/v2\/media?parent=388"}],"curies":[{"name":"wp","href":"https:\/\/api.w.org\/{rel}","templated":true}]}}